{"id":63,"date":"2015-12-17T22:16:53","date_gmt":"2015-12-17T21:16:53","guid":{"rendered":"http:\/\/place-of-defence.de\/wp\/?page_id=63"},"modified":"2023-05-29T20:34:49","modified_gmt":"2023-05-29T18:34:49","slug":"protactic-mse-ist","status":"publish","type":"page","link":"https:\/\/place-of-defence.de\/?page_id=63","title":{"rendered":"Protactic M.S.E. ist:"},"content":{"rendered":"<p><img loading=\"lazy\" decoding=\"async\" class=\"alignnone wp-image-618 size-medium aligncenter\" src=\"https:\/\/place-of-defence.de\/wp-content\/uploads\/2023\/05\/Logos-1-300x300.jpg\" alt=\"\" width=\"300\" height=\"300\" srcset=\"https:\/\/place-of-defence.de\/wp-content\/uploads\/2023\/05\/Logos-1-300x300.jpg 300w, https:\/\/place-of-defence.de\/wp-content\/uploads\/2023\/05\/Logos-1-1024x1024.jpg 1024w, https:\/\/place-of-defence.de\/wp-content\/uploads\/2023\/05\/Logos-1-150x150.jpg 150w, https:\/\/place-of-defence.de\/wp-content\/uploads\/2023\/05\/Logos-1-768x768.jpg 768w, https:\/\/place-of-defence.de\/wp-content\/uploads\/2023\/05\/Logos-1-1536x1536.jpg 1536w, https:\/\/place-of-defence.de\/wp-content\/uploads\/2023\/05\/Logos-1.jpg 1686w\" sizes=\"auto, (max-width: 300px) 100vw, 300px\" \/><\/p>\n<p>Info PDF : zu <a href=\"https:\/\/place-of-defence.de\/wp-content\/uploads\/2015\/12\/PROTACTICS-MSE-TEAM-MICHAEL-STAHL.pdf\">PROTACTICS MSE TEAM MICHAEL STAHL<\/a><\/p>\n<p style=\"text-align: center;\"><strong>PRO<\/strong>TACTIC M.S.E. steht f\u00fcr Modern Selfdefence Education.<\/p>\n<p style=\"text-align: center;\">Es ist das erste und neueste System weltweit im neuen Jahrtausend. Es wurde am 01.01.2000 gegr\u00fcndet. Dieses System ist in seiner Struktur und seinen individuellen Eigenschaften einzigartig.<\/p>\n<p style=\"text-align: center;\">M.S.E. ist ein noch sehr junges System. Die Vereinigung von aggressiver und kontrollierender Selbstverteidigung, umrahmt von psychologischer Beratung, macht dieses System zum Symbol moderner Selbstverteidigung. Es verleiht den Sch\u00fclern von M.S.E. nicht nur geniale k\u00e4mpferische F\u00e4higkeiten, sondern formt auch die psychischen Charactereigenschaften eines jeden lernwilligen Sch\u00fclers. M.S.E. lehrt zugleich auch, seinen &#8222;Feinden&#8220; mit Respekt und Achtung zu begegnen. Der Eigenschutz und der Wille, in Not geratenen Menschen zu helfen, sind die Kernpunkte von M.S.E. Es ist ein reines Selbstverteidigungs- system, das alle Kampfsportarten und Kampfkunstsysteme mit Achtung respektiert. M.S.E. filtert aus den verschiedensten Kampfsportarten die effektivsten Techniken heraus.<\/p>\n<p style=\"text-align: center;\"><span style=\"color: #000000;\">\u00a0<\/span><\/p>\n<p style=\"text-align: left;\"><span style=\"font-family: Arial;\"><span style=\"font-size: small;\"><strong>M.S.E. &#8211; Grunds\u00e4tze<\/strong><\/span><\/span><\/p>\n<p><span style=\"font-family: Georgia;\">\u2022 <span style=\"font-family: Arial, Verdana, Helvetica, sans-serif;\">ein effektives, funktionierendes Selbstverteidigungssystem<br \/>\n<span style=\"font-family: Georgia;\">\u2022 <span style=\"font-family: Arial, Verdana, Helvetica, sans-serif;\">passt sich den k\u00f6rperlichen Eigenschaften des Sch\u00fclers an<br \/>\n<span style=\"font-family: Georgia;\">\u2022<span style=\"font-family: Arial, Verdana, Helvetica, sans-serif;\"> nicht von Tradition, Wettk\u00e4mpfen und G\u00fcrtelpr\u00fcfungen gepr\u00e4gt<br \/>\n<span style=\"font-family: Georgia;\">\u2022<span style=\"font-family: Arial, Verdana, Helvetica, sans-serif;\"> modernste Selbstverteidigung<br \/>\n<span style=\"font-family: Georgia;\">\u2022 <span style=\"font-family: Arial, Verdana, Helvetica, sans-serif;\">kein System von gro\u00dfer Pr\u00e4zision und Taktik<br \/>\n<span style=\"font-family: Georgia;\">\u2022<span style=\"font-family: Arial, Verdana, Helvetica, sans-serif;\"> ein System dessen Kampftechniken von Schnelligkeit und Entschlossenheit<br \/>\ngepr\u00e4gt ist<br \/>\n<span style=\"font-family: Georgia;\">\u2022 <span style=\"font-family: Arial, Verdana, Helvetica, sans-serif;\">h\u00e4lz K\u00f6rper &amp; Geist fit<br \/>\n<span style=\"font-family: Georgia;\">\u2022 <span style=\"font-family: Arial, Verdana, Helvetica, sans-serif;\">konzentriert sich auf das Wesentliche<br \/>\n<span style=\"font-family: Georgia;\">\u2022 <span style=\"font-family: Arial, Verdana, Helvetica, sans-serif;\">bildet keine Schl\u00e4ger und Psychopaten aus<br \/>\n<span style=\"font-family: Georgia;\">\u2022 <\/span><span style=\"font-family: Georgia;\"><span style=\"font-family: Arial, Verdana, Helvetica, sans-serif;\">f\u00fcr Menschen, die bereit sind auch anderen zu helfen<\/span><\/span> <\/span><\/span><\/span><\/span><\/span><\/span><\/span><\/span><\/span><\/span><\/span><\/span><\/span><\/span><\/span><\/span><\/span><\/span><\/p>\n","protected":false},"excerpt":{"rendered":"<p>Info PDF : zu PROTACTICS MSE TEAM MICHAEL STAHL PROTACTIC M.S.E. steht f\u00fcr Modern Selfdefence Education. Es ist das erste [&hellip;]<\/p>\n","protected":false},"author":1,"featured_media":0,"parent":0,"menu_order":0,"comment_status":"closed","ping_status":"closed","template":"","meta":{"footnotes":""},"class_list":["post-63","page","type-page","status-publish","hentry"],"_links":{"self":[{"href":"https:\/\/place-of-defence.de\/index.php?rest_route=\/wp\/v2\/pages\/63","targetHints":{"allow":["GET"]}}],"collection":[{"href":"https:\/\/place-of-defence.de\/index.php?rest_route=\/wp\/v2\/pages"}],"about":[{"href":"https:\/\/place-of-defence.de\/index.php?rest_route=\/wp\/v2\/types\/page"}],"author":[{"embeddable":true,"href":"https:\/\/place-of-defence.de\/index.php?rest_route=\/wp\/v2\/users\/1"}],"replies":[{"embeddable":true,"href":"https:\/\/place-of-defence.de\/index.php?rest_route=%2Fwp%2Fv2%2Fcomments&post=63"}],"version-history":[{"count":13,"href":"https:\/\/place-of-defence.de\/index.php?rest_route=\/wp\/v2\/pages\/63\/revisions"}],"predecessor-version":[{"id":620,"href":"https:\/\/place-of-defence.de\/index.php?rest_route=\/wp\/v2\/pages\/63\/revisions\/620"}],"wp:attachment":[{"href":"https:\/\/place-of-defence.de\/index.php?rest_route=%2Fwp%2Fv2%2Fmedia&parent=63"}],"curies":[{"name":"wp","href":"https:\/\/api.w.org\/{rel}","templated":true}]}}