{"id":59,"date":"2015-12-17T22:07:19","date_gmt":"2015-12-17T21:07:19","guid":{"rendered":"http:\/\/place-of-defence.de\/wp\/?page_id=59"},"modified":"2020-09-16T17:23:40","modified_gmt":"2020-09-16T15:23:40","slug":"reality-based-protection-ist","status":"publish","type":"page","link":"https:\/\/place-of-defence.de\/?page_id=59","title":{"rendered":"Reality Based Protection ist :"},"content":{"rendered":"<p><img loading=\"lazy\" decoding=\"async\" class=\"aligncenter wp-image-5 size-medium\" src=\"https:\/\/place-of-defence.de\/wp-content\/uploads\/2015\/12\/logo_PERSONAL_BW-300x300.jpg\" alt=\"Das Jim Wagner Reality-Based Personal Protection System basiert auf einem \u201creality-based\u201d (d.h. realit\u00e4tsnahen) Selbstverteidigungssystem. Der Ausdruck \u201ereality-based\u201c ist ein Fachbegriff aus dem Polizei-Jargon und stammt aus dem Bereich Szenario-Training. Im Bereich der Kampfk\u00fcnste wurde dieser Begriff von Jim Wagner 1999 das erste Mal erw\u00e4hnt, als seine monatliche Kolumne \u201eHIGH RISK\u201c zun\u00e4chst in der Zeitschrift Black Belt und dann im Jahre 2000 in Europa in der Zeitschrift Budo International erschien. Heutzutage wird der Begriff von Selbstverteidigungsspezialisten auf der ganzen Welt verwendet und bezeichnet ein komplett neues Genre in der Kampfkunst. Die Art und Weise Selbstverteidigung zu erlernen wurde durch das Jim Wagner System ver\u00e4ndert. Es beeinflusst mittlerweile weltweit das Erlernen von Selbstverteidigung und zwar vom Anf\u00e4nger bis hin zu Mitgliedern von Spezialeinheiten. Auf der ganzen Welt ist dies das einzige System das sowohl Pr\u00e4konflikt- als auch Konflikt- und Postkonflikt-Training miteinbezieht. Genau aus diesem Grund erhielt Jim Wagner die h\u00f6chste Auszeichnung in der Welt der Kampfkunst, er wurde in die Black Belt Hall of Fame als Self-Defence Instructor of the Year 2006 aufgenommen. Ebenso ist es der Grund daf\u00fcr, dass Polizeistationen, Gef\u00e4ngnisse, Leibw\u00e4chter-Schulen, Milit\u00e4reinheiten und Kampfsport-Schulen auf der ganzen Welt seine Techniken und Trainingsmethoden miteinbeziehen oder gar ausschlie\u00dflich nur noch diese unterrichten. Auch wenn man nur ein wenig oder keinerlei Erfahrung mit Selbstverteidigungs-Training hat, so ist man hier genau richtig. Es braucht keine Jahre um wirkliche Selbstverteidigung zu erlernen, es bedarf nur weniger Tage. Falls man bereits Erfahrungen mit anderen Kampfsportarten gemacht hat, so werden durch das Reality-Based Personal Protection System bestehende L\u00fccken gef\u00fcllt. Auch wenn dieses System eigentlich f\u00fcr Zivilpersonen geschaffen wurde, so nehmen doch auch immer viele Vertreter der Polizei, der Gef\u00e4ngnisbeh\u00f6rde, des Sicherheitsdiensts oder des Milit\u00e4rs an Kursen teil \" width=\"300\" height=\"300\" \/><\/p>\n<p>Das Jim Wagner Reality-Based Personal Protection System basiert auf einem \u201creality-based\u201d (d.h. realit\u00e4tsnahen) Selbstverteidigungssystem. Der Ausdruck \u201ereality-based\u201c ist ein Fachbegriff aus dem Polizei-Jargon und stammt aus dem Bereich Szenario-Training. Im Bereich der Kampfk\u00fcnste wurde dieser Begriff von Jim Wagner 1999 das erste Mal erw\u00e4hnt, als seine monatliche Kolumne <strong><em>\u201eHIGH RISK\u201c<\/em><\/strong> zun\u00e4chst in der Zeitschrift Black Belt und dann im Jahre 2000 in Europa in der Zeitschrift Budo International erschien. Heutzutage wird der Begriff von Selbstverteidigungsspezialisten auf der ganzen Welt verwendet und bezeichnet ein komplett neues Genre in der Kampfkunst.<\/p>\n<p>Die Art und Weise Selbstverteidigung zu erlernen wurde durch das Jim Wagner System ver\u00e4ndert. Es beeinflusst mittlerweile weltweit das Erlernen von Selbstverteidigung und zwar vom Anf\u00e4nger bis hin zu Mitgliedern von Spezialeinheiten. Auf der ganzen Welt ist dies das einzige System das sowohl Pr\u00e4konflikt- als auch Konflikt- und Postkonflikt-Training miteinbezieht. Genau aus diesem Grund erhielt Jim Wagner die h\u00f6chste Auszeichnung in der Welt der Kampfkunst, er wurde in die Black Belt Hall of Fame als Self-Defence Instructor of the Year 2006 aufgenommen. Ebenso ist es der Grund daf\u00fcr, dass Polizeistationen, Gef\u00e4ngnisse, Leibw\u00e4chter-Schulen, Milit\u00e4reinheiten und Kampfsport-Schulen auf der ganzen Welt seine Techniken und Trainingsmethoden miteinbeziehen oder gar ausschlie\u00dflich nur noch diese unterrichten.<\/p>\n<p>Auch wenn man nur ein wenig oder keinerlei Erfahrung mit Selbstverteidigungs-Training hat, so ist man hier genau richtig. Es braucht keine Jahre um wirkliche Selbstverteidigung zu erlernen, es bedarf nur weniger Tage. Falls man bereits Erfahrungen mit anderen Kampfsportarten gemacht hat, so werden durch das Reality-Based Personal Protection System bestehende L\u00fccken gef\u00fcllt. Auch wenn dieses System eigentlich f\u00fcr Zivilpersonen geschaffen wurde, so nehmen doch auch immer viele Vertreter der Polizei, der Gef\u00e4ngnisbeh\u00f6rde, des Sicherheitsdiensts oder des Milit\u00e4rs an Kursen<\/p>\n<p>\u00a0<\/p>\n<p style=\"text-align: center;\"><strong><u>Die Module des Level 2:<\/u><\/strong><\/p>\n<p style=\"text-align: center;\"><strong>Konflikt Vorbereitung<\/strong><\/p>\n<p>Wenn Sie sich mit physischer Gewalt konfrontiert sehen, haben Sie drei M\u00f6glichkeiten: K\u00e4mpfen, Fl\u00fcchten oder Aufgeben. Die meisten Menschen ergeben sich ihren Angreifen und werden zu Opfern. Dieser Kurs wird Sie lehren, wie Sie Ihre Sch\u00fcler physisch und psychisch auf eine Konfrontation vorbereiten und wie diese sich dann in einer realen Auseinandersetzung besser verhalten k\u00f6nnen. Die \u00dcbungen, Demonstrationen und Trainingskonzepte entstammen von Elite-Verb\u00e4nden aus den Reihen von Polizei und Milit\u00e4r rund um den Globus, aus dutzenden von Kampfsport-Stilen, aber es finden sich auch Jim Wagner Techniken darunter. Sie lernen deutsche GSG 9 Kraft\u00fcbungen, Straf\u00fcbungen der franz\u00f6sischen Fremdenlegion, Kriegereignungstest von Nordamerikanischen Indianern, israelische Yamam &#8222;boiler pressure drills&#8220;, amerikanische Fitness\u00fcbungen, marrokanisch-milit\u00e4risches Krafttraining, SEK Team Vertrauens\u00fcbungen und vieles mehr. Wenn es darum geht, den Geist \u00fcber die Materie zu setzen, lassen wir Sie K.I.M.S. Game spielen (Keep in memory sytem), k\u00f6nnen sich an dem K\u00e4mpf &amp; Schreib Drill versuchen und werden sehen, wie ein Temperaturschock Parallelen aufweist wie bei realem Konfliktstress.<\/p>\n<p style=\"text-align: center;\"><strong>Situationelle Aufmerksamkeit\u00a0<\/strong><\/p>\n<p>Dieser Selbstverteidigungskurs beginnt direkt nach dem Aufw\u00e4rmen mit realen Szenarien. W\u00e4hrend dieses Kurses kommen Schutzanz\u00fcge zum Einsatz, die sonst auch von Polizei und Milit\u00e4r zum Einsatz gebracht werden, wenn sie den Nahkampf trainieren, und zwar unter m\u00f6glichst realen Bedingungen. Dies ist die einzige M\u00f6glichkeit sich selber und die eigenen F\u00e4higkeiten zu testen. Wir werden Sie nicht einfach nur den W\u00f6lfen vorwerfen, wir werden nat\u00fcrlich im Rahmen Ihrer F\u00e4higkeiten und Ausdauer auf Sie eingehen. Dann kommt der Punkt, an dem sich das Reality-Based Personal Protection System sich von den anderen Systemen abgrenzt, und das ist dann auch der Punkt, wenn Sie Ihre Trainingsr\u00e4umlichkeiten in eine Reality-Based orientierte Umgebung umwandeln. Sie lernen etwas \u00fcber Licht- und Soundeffekte und \u00fcber Requisiten. Dann werden wir Ihnen beibringen, wie Sie und Ihr Trainingspartner noch realit\u00e4tsn\u00e4here Szenarien in Ihr Training integrieren k\u00f6nnen mit Ablaufpl\u00e4nen, Theaterschminke oder Kost\u00fcmen. (Simulation von Personen, die unter Einfluss von Drogen stehen, Verletzungen oder Verkleidungen). Zum Ende des Seminars werden Sie alles Gelernte anwenden und einige verschiedene Szenarien durchlaufen um festzustellen, wie viel realistischer Ihr Training werden kann.<\/p>\n<p style=\"text-align: center;\"><strong>Kontrolle &amp; Verteidigung<\/strong><\/p>\n<p>Dieser Selbstverteidigungskurs behandelt, wie Sie sich aus einer Situation befreien k\u00f6nnen, in der jemand durch Gewalt versucht, Kontrolle \u00fcber Sie zu bekommen oder wie Sie jemanden kontrollieren \/ festsetzen k\u00f6nnen um zu \u00fcberleben oder jemanden der Polizei zu \u00fcbergeben. Zuerst werden Sie lernen, wie Sie sich aus den h\u00e4ufigsten W\u00fcrge- und Kontrollgriffen befreien k\u00f6nnen, sowohl auf der Stra\u00dfe als auch in einem Einsatz. Sie werden sehr schnell feststellen, dass es nicht sehr viele davon gibt und dass diese allen einem Prinzip folgen, der sich wie ein Faden durch s\u00e4mtliche Techniken zieht. Danach werden wir uns von der ICH-bezogenen Mentalit\u00e4t distanzieren und lernen, wie wir andere nach einem gewaltsamen Angriff retten k\u00f6nnen. Danach werden Sie lernen, wie Sie evtl. Ihren Partner, Freund oder ein Familienmitglied, das zu Boden gegangen ist, aus einer feindseligen Umgebung evakuieren k\u00f6nnen. Eine Auseinandersetzung ist nicht beendet, bevor Ihr Partner aus der gef\u00e4hrlichen Situation befreit ist. Dieser Teilbereich nennt sich &#8222;Victim Rescue&#8220;. Danach werden wir die Vor- und Nachteile f\u00fcr oder gegen eine zivile Verhaftung durchgehen und wie Sie jemanden festsetzen (fixieren) k\u00f6nnen ohne einen lagebedingten Erstickungstod hervorzurufen.<\/p>\n<p style=\"text-align: center;\"><strong>Improvisierte Waffen<\/strong><\/p>\n<p>One Mind &#8211; any weapon! Das ist das Motto dieses Selbstverteidigungs-Kurses, der Sie lehrt, wie Sie jedes Objekt oder Waffe, neben einer Handfeuerwaffe oder einem Messer, nutzen k\u00f6nnen um sich spontan in einer physischen Auseinandersetzung verteidigen zu k\u00f6nnen. Vom Besen in einer Abstellkammer \u00fcber ein zusammengerolltes Magazin an Bord eines Flugzeuges, Sie werden den Umgang mit flexiblen Waffen, kurzen oder langen Hiebwaffen und das Werfen von festen, fl\u00fcssigen oder pulverf\u00f6rmigen Mitteln lernen. Ihnen wird gezeigt, wie Sie sich die geeigneten Ziele ausw\u00e4hlen und was die St\u00e4rken und Schw\u00e4chen der einzelnen Waffen sind. Dieser Kurs bietet weitaus mehr als das Erlernen der neuesten Techniken, sondern Ihnen werden auch polizeiliche und milit\u00e4rische Beispiele gezeigt, die Sie direkt an die Grenze eines realen Konfliktes f\u00fchren &#8211; aber in einer sicheren Umgebung. Sie werden exotische \u00dcbungen und Trainingsszenarien kennenlernen, wie das r\u00f6mische Blocken, W\u00fcrgetaktiken, Entwaffnung einer Langwaffe, wie Sie Angriffe improvisierter Brands\u00e4tze \u00fcberleben und vieles mehr. Als Zugabe erhalten Sie noch einen Einblick in die Denkweise eines Kriminellen und lernen, wie Sie sich selber improvisierte Waffen herstellen k\u00f6nnen &#8211; F\u00e4higkeiten die Sie evtl. nutzen k\u00f6nnten, wenn Sie sich in einer Geiselhaft befinden oder wenn Sie sich einer physischen Auseinandersetzung stellen m\u00fcssen mit den Kleidern die Sie gerade tragen oder den Objekten, die Sie gerade umgeben.<\/p>\n<p style=\"text-align: center;\"><strong>\u00dcberleben von Angriffen mit Handfeuerwaffen<\/strong><\/p>\n<p>Seitdem es Softair-Waffen auf dem Markt gibt, sind sie fester Bestandteil des Reality-Based Personal Protection System, wenn es darum geht, Waffengewalt wie bei einem \u00dcberfall oder anderen terroristischen Angriffen, bei denen Schusswaffen zum Einsatz kommen, zu simulieren. Durch den Einsatz von Softair-Waffen ist es notwendig, dass sich alle Reality-Based Instruktoren mit Schusswaffen und deren Sicherheitsvorkehrungen auf einer Schie\u00dfbahn bestens auskennen, um Verletzungen zu vermeiden und um das Training noch realistischer zu gestalten. In diesem Kurs werden Softair-Waffen verwendet, die durch den Einsatz von Co2 oder Gas kleine 6 mm Plastikrundkugeln auf eine Distanz von 7-10 m verschie\u00dfen. Ein weiterer Nutzen dieses Kurses ist, dass Sie wissen, wie Sie eine Schusswaffe effektiv einsetzen k\u00f6nnen, wenn Sie sich in der Situation wiederfinden, einen Kriminellen oder Terroristen zu entwaffnen und sich seiner Waffe bem\u00e4chtigen um Leben retten zu k\u00f6nnen. In diesem Kurs wird der Seminarraum wie eine Schie\u00dfanlage angesehen und deshalb werden vorab polizeiliche und milit\u00e4rische Sicherheitsstandards und Abl\u00e4ufe vermittelt, aber auch der angemessene Umgang mit der Waffe. (Handling und Gebrauch). Ihnen werden auch verschiedene Schie\u00dfpositionen vorgef\u00fchrt. (stehend, kniend, sitzend).<\/p>\n<p>\u00a0<\/p>\n\n\n<p><\/p>\n","protected":false},"excerpt":{"rendered":"<p>Das Jim Wagner Reality-Based Personal Protection System basiert auf einem \u201creality-based\u201d (d.h. realit\u00e4tsnahen) Selbstverteidigungssystem. Der Ausdruck \u201ereality-based\u201c ist ein Fachbegriff [&hellip;]<\/p>\n","protected":false},"author":1,"featured_media":0,"parent":0,"menu_order":0,"comment_status":"closed","ping_status":"closed","template":"","meta":{"footnotes":""},"class_list":["post-59","page","type-page","status-publish","hentry"],"_links":{"self":[{"href":"https:\/\/place-of-defence.de\/index.php?rest_route=\/wp\/v2\/pages\/59","targetHints":{"allow":["GET"]}}],"collection":[{"href":"https:\/\/place-of-defence.de\/index.php?rest_route=\/wp\/v2\/pages"}],"about":[{"href":"https:\/\/place-of-defence.de\/index.php?rest_route=\/wp\/v2\/types\/page"}],"author":[{"embeddable":true,"href":"https:\/\/place-of-defence.de\/index.php?rest_route=\/wp\/v2\/users\/1"}],"replies":[{"embeddable":true,"href":"https:\/\/place-of-defence.de\/index.php?rest_route=%2Fwp%2Fv2%2Fcomments&post=59"}],"version-history":[{"count":8,"href":"https:\/\/place-of-defence.de\/index.php?rest_route=\/wp\/v2\/pages\/59\/revisions"}],"predecessor-version":[{"id":497,"href":"https:\/\/place-of-defence.de\/index.php?rest_route=\/wp\/v2\/pages\/59\/revisions\/497"}],"wp:attachment":[{"href":"https:\/\/place-of-defence.de\/index.php?rest_route=%2Fwp%2Fv2%2Fmedia&parent=59"}],"curies":[{"name":"wp","href":"https:\/\/api.w.org\/{rel}","templated":true}]}}