{"id":400,"date":"2020-03-03T12:30:41","date_gmt":"2020-03-03T11:30:41","guid":{"rendered":"http:\/\/place-of-defence.de\/?page_id=400"},"modified":"2020-03-03T12:30:41","modified_gmt":"2020-03-03T11:30:41","slug":"ueberleben-eines-terroristischen-angriffs","status":"publish","type":"page","link":"https:\/\/place-of-defence.de\/?page_id=400","title":{"rendered":"\u00dcberleben eines terroristischen Angriffs"},"content":{"rendered":"\n<p>Was w\u00fcrde man tun wenn man sich pl\u00f6tzlich mitten in einer Handgranatenattacke befindet? Oder wenn der Arbeitskollege pl\u00f6tzlich Amok l\u00e4uft? Oder wenn man sich inmitten eines terroristischen Gasangriffs in einem Flugzeug, einem Zug oder einem Bus wiederfindet? In diesem Kurs lernt man anhand von realistischen Situationen wie man sich verhalten muss. Ein derartiger Kurs ist selten bei Strafvollzugsbeh\u00f6rden und Milit\u00e4reinheiten und ist folglich auch in zivilen Selbstverteidigungs-Schulen beinahe nichtexistent. Es gibt nur wenige Selbstverteidigungs-Lehrer weltweit, die selbst in einem Anti-Terror-Team waren, so wie Jim Wagner, der Gr\u00fcnder des Reality-Based Personal Protection Systems. Er war im Anti-Terror-Kommando der Regierung der Vereinigten Staaten von Amerika nach dem 11. September, er ist ein ausgebildeter Scharfsch\u00fctze, bildet im Gebrauch mit Schusswaffen und im CQB (Close Quarter Battle; deutsch: H\u00e4userkampf) aus und trainierte mit Anti-Terror-Einheiten in Israel, Deutschland, Brasilien, Argentinien und Spanien. In diesem Intensivkurs \u00fcber acht Stunden lernt man wie man einen Scharfsch\u00fctzenangriff \u00fcberlebt, mit einer Bombendrohung umgeht, einen Selbstmordattent\u00e4ter erkennt, eine Entf\u00fchrung verhindert, \u00dcberlebenstipps f\u00fcr eine Geiselnahme und Sicherheitsma\u00dfnahmen f\u00fcr Reisen. Amokl\u00e4ufe an Schulen und in B\u00fcros werden ebenfalls behandelt.<\/p>\n","protected":false},"excerpt":{"rendered":"<p>Was w\u00fcrde man tun wenn man sich pl\u00f6tzlich mitten in einer Handgranatenattacke befindet? Oder wenn der Arbeitskollege pl\u00f6tzlich Amok l\u00e4uft? [&hellip;]<\/p>\n","protected":false},"author":1,"featured_media":0,"parent":0,"menu_order":0,"comment_status":"closed","ping_status":"closed","template":"","meta":{"footnotes":""},"class_list":["post-400","page","type-page","status-publish","hentry"],"_links":{"self":[{"href":"https:\/\/place-of-defence.de\/index.php?rest_route=\/wp\/v2\/pages\/400","targetHints":{"allow":["GET"]}}],"collection":[{"href":"https:\/\/place-of-defence.de\/index.php?rest_route=\/wp\/v2\/pages"}],"about":[{"href":"https:\/\/place-of-defence.de\/index.php?rest_route=\/wp\/v2\/types\/page"}],"author":[{"embeddable":true,"href":"https:\/\/place-of-defence.de\/index.php?rest_route=\/wp\/v2\/users\/1"}],"replies":[{"embeddable":true,"href":"https:\/\/place-of-defence.de\/index.php?rest_route=%2Fwp%2Fv2%2Fcomments&post=400"}],"version-history":[{"count":1,"href":"https:\/\/place-of-defence.de\/index.php?rest_route=\/wp\/v2\/pages\/400\/revisions"}],"predecessor-version":[{"id":402,"href":"https:\/\/place-of-defence.de\/index.php?rest_route=\/wp\/v2\/pages\/400\/revisions\/402"}],"wp:attachment":[{"href":"https:\/\/place-of-defence.de\/index.php?rest_route=%2Fwp%2Fv2%2Fmedia&parent=400"}],"curies":[{"name":"wp","href":"https:\/\/api.w.org\/{rel}","templated":true}]}}