{"id":396,"date":"2020-03-03T12:30:00","date_gmt":"2020-03-03T11:30:00","guid":{"rendered":"http:\/\/place-of-defence.de\/?page_id=396"},"modified":"2020-03-03T12:30:00","modified_gmt":"2020-03-03T11:30:00","slug":"ueberleben-eines-verbrechens","status":"publish","type":"page","link":"https:\/\/place-of-defence.de\/?page_id=396","title":{"rendered":"\u00dcberleben eines Verbrechens"},"content":{"rendered":"\n<p>Personenschutz bedeutet mehr als nur zu wissen wie man einen Kampf in einer Kneipe \u00fcbersteht. Heutzutage muss man auch wissen wie man einen Bank\u00fcberfall, Autoraub, Bandenkriege, S\u00e4ureattacken, Elektroschockangriffe und \u00e4hnliches \u00fcbersteht. Hierzu bedarf es mehr als nur Schlagen und Treten. Man muss verstehen, wie Kriminelle Ihre Opfer aussuchen, wie man einem Verbrecher entkommen und sich in eine vorteilhafte Position bringen kann, egal in welcher Umgebung. Am wichtigsten: Man lernt wie man ein wehrhaftes Ziel sein kann. (\u201eBe a hard Target\u201c) Damit jedoch nicht genug. In realistischen Rollenspielen lernt man wie man sich eine T\u00e4terbeschreibung merken kann, wie man Beweise erkennt und einen Tatort sichert, was man der Polizei mitteilt und wie man sich vor Gericht verh\u00e4lt. Ebenfalls lernt man einen Sch\u00fctzen aus k\u00fcrzester Entfernung zu entwaffnen und auch wie man einen Schusswaffenangriff \u00fcberleben kann, wenn die Distanz ein Entwaffnen unm\u00f6glich macht. Im Gegensatz zu anderen Selbstverteidigungs-Systemen, die vermitteln nur auf sich selbst zu achten, geh\u00f6ren hierzu auch die neusten Leibw\u00e4chter-Taktiken z.B. wie man andere (Familie, Kollegen, Freunde etc.) im Falle eines \u00dcberfalls besch\u00fctzen kann. Fahrzeugsicherheit und Heimsicherheit werden in diesem Kurs ebenfalls behandelt.<\/p>\n","protected":false},"excerpt":{"rendered":"<p>Personenschutz bedeutet mehr als nur zu wissen wie man einen Kampf in einer Kneipe \u00fcbersteht. Heutzutage muss man auch wissen [&hellip;]<\/p>\n","protected":false},"author":1,"featured_media":0,"parent":0,"menu_order":0,"comment_status":"closed","ping_status":"closed","template":"","meta":{"footnotes":""},"class_list":["post-396","page","type-page","status-publish","hentry"],"_links":{"self":[{"href":"https:\/\/place-of-defence.de\/index.php?rest_route=\/wp\/v2\/pages\/396","targetHints":{"allow":["GET"]}}],"collection":[{"href":"https:\/\/place-of-defence.de\/index.php?rest_route=\/wp\/v2\/pages"}],"about":[{"href":"https:\/\/place-of-defence.de\/index.php?rest_route=\/wp\/v2\/types\/page"}],"author":[{"embeddable":true,"href":"https:\/\/place-of-defence.de\/index.php?rest_route=\/wp\/v2\/users\/1"}],"replies":[{"embeddable":true,"href":"https:\/\/place-of-defence.de\/index.php?rest_route=%2Fwp%2Fv2%2Fcomments&post=396"}],"version-history":[{"count":1,"href":"https:\/\/place-of-defence.de\/index.php?rest_route=\/wp\/v2\/pages\/396\/revisions"}],"predecessor-version":[{"id":398,"href":"https:\/\/place-of-defence.de\/index.php?rest_route=\/wp\/v2\/pages\/396\/revisions\/398"}],"wp:attachment":[{"href":"https:\/\/place-of-defence.de\/index.php?rest_route=%2Fwp%2Fv2%2Fmedia&parent=396"}],"curies":[{"name":"wp","href":"https:\/\/api.w.org\/{rel}","templated":true}]}}