{"id":393,"date":"2020-03-03T12:29:12","date_gmt":"2020-03-03T11:29:12","guid":{"rendered":"http:\/\/place-of-defence.de\/?page_id=393"},"modified":"2020-03-03T12:29:12","modified_gmt":"2020-03-03T11:29:12","slug":"ueberleben-im-messerkampf","status":"publish","type":"page","link":"https:\/\/place-of-defence.de\/?page_id=393","title":{"rendered":"\u00dcberleben im Messerkampf"},"content":{"rendered":"\n<p>Das Messer ist die am h\u00e4ufigsten benutzte Waffe unter Kriminellen und die durchschnittliche Messerattacke dauert maximal f\u00fcnf Sekunden. Wenn man sich gegen Klingenwaffen wehren will, so muss man verstehen k\u00f6nnen wie sie von Gef\u00e4ngnisinsassen, Kriminellen, Terroristen und milit\u00e4rische Einheiten benutzt werden. In einem Knife-Survival-Kurs lernt man wie man einen realistischen Angriff in voller Geschwindigkeit von einem brutalen Angreifer \u00fcberleben kann. Man lernt auch, dass es nur zehn Richtungen gibt aus denen man mit einem Messer angegriffen werden kann (das metrische System nach Jim Wagner), wie man einen t\u00f6dlichen Stich vermeiden kann, was die \u201e21 feet\/7 Meter Regel\u201c (der sogenannte Dennis Tueller Drill) bedeutet und wie diese Regel Leben retten kann und man lernt Jim Wagners \u201eDisarm-Rule\u201c (Entwaffnungsregel) kennen, die von Polizei, Milit\u00e4r und Gef\u00e4ngnispersonal auf der ganzen Welt verwendet wird. Um zu verstehen wie man sich gegen ein Messer wehren kann, muss man auch wissen und verstehen wie man selbst ein Messer in einer Konfliktsituation benutzen k\u00f6nnte. Deshalb wird gezeigt wie man ein Messer richtig h\u00e4lt, man lernt den richtigen Umgang mit einem Messer in zahlreichen \u00dcbungen und ebenfalls alles \u00fcber juristische Grundlagen im strafrechtlichen Bereich.<\/p>\n","protected":false},"excerpt":{"rendered":"<p>Das Messer ist die am h\u00e4ufigsten benutzte Waffe unter Kriminellen und die durchschnittliche Messerattacke dauert maximal f\u00fcnf Sekunden. Wenn man [&hellip;]<\/p>\n","protected":false},"author":1,"featured_media":0,"parent":0,"menu_order":0,"comment_status":"closed","ping_status":"closed","template":"","meta":{"footnotes":""},"class_list":["post-393","page","type-page","status-publish","hentry"],"_links":{"self":[{"href":"https:\/\/place-of-defence.de\/index.php?rest_route=\/wp\/v2\/pages\/393","targetHints":{"allow":["GET"]}}],"collection":[{"href":"https:\/\/place-of-defence.de\/index.php?rest_route=\/wp\/v2\/pages"}],"about":[{"href":"https:\/\/place-of-defence.de\/index.php?rest_route=\/wp\/v2\/types\/page"}],"author":[{"embeddable":true,"href":"https:\/\/place-of-defence.de\/index.php?rest_route=\/wp\/v2\/users\/1"}],"replies":[{"embeddable":true,"href":"https:\/\/place-of-defence.de\/index.php?rest_route=%2Fwp%2Fv2%2Fcomments&post=393"}],"version-history":[{"count":1,"href":"https:\/\/place-of-defence.de\/index.php?rest_route=\/wp\/v2\/pages\/393\/revisions"}],"predecessor-version":[{"id":395,"href":"https:\/\/place-of-defence.de\/index.php?rest_route=\/wp\/v2\/pages\/393\/revisions\/395"}],"wp:attachment":[{"href":"https:\/\/place-of-defence.de\/index.php?rest_route=%2Fwp%2Fv2%2Fmedia&parent=393"}],"curies":[{"name":"wp","href":"https:\/\/api.w.org\/{rel}","templated":true}]}}