{"id":259,"date":"2016-09-06T23:45:15","date_gmt":"2016-09-06T21:45:15","guid":{"rendered":"http:\/\/place-of-defence.de\/?page_id=259"},"modified":"2024-10-12T08:28:49","modified_gmt":"2024-10-12T06:28:49","slug":"impressum","status":"publish","type":"page","link":"https:\/\/place-of-defence.de\/?page_id=259","title":{"rendered":"Impressum"},"content":{"rendered":"<p><strong>Place of Defence<\/strong><\/p>\n<div>Bahnhofstra\u00dfe 16<\/div>\n<div>76676 Graben &#8211; Neudorf<\/div>\n<div><\/div>\n<div>\n<div>Telefon: 01523\/7869945<\/div>\n<div>E-Mail : saschakimling@web.de<\/div>\n<\/div>\n<p>&nbsp;<\/p>\n<p>Gesch\u00e4ftsleiter<\/p>\n<p>Sascha Kimling<\/p>\n<div>Bahnhofstra\u00dfe 16<\/div>\n<div>76676 Graben &#8211; Neudorf<\/div>\n<div><\/div>\n<div>Telefon: 01523\/7869945<\/div>\n<div>E-Mail : saschakimling@web.de<\/div>\n<p>&nbsp;<\/p>\n<div>Das Impressum gilt f\u00fcr https:\/\/place-of-defence.de<\/div>\n<div><\/div>\n<div><\/div>\n<div><\/div>\n<p>&nbsp;<\/p>\n<div><strong>Copyright:<br \/>\n<\/strong> Im deutschen Recht entstehen Urheberrechte automatisch mit der Schaffung eines Werks. Ein Copyright-Vermerk ist nicht erforderlich. Das Copyright f\u00fcr ver\u00f6ffentlichte, vom Autor selbst erstellte Objekte bleibt allein beim Autor der Seiten. Eine Vervielf\u00e4ltigung oder Verwendung der Bilder, Kalligraphien und Texte in anderen elektronischen oder gedruckten Publikationen ist ohne ausdr\u00fcckliche Zustimmung der Autoren nicht gestattet.<\/div>\n<p>&nbsp;<\/p>\n<div><strong>Externe Links\/Haftungsausschluss:<br \/>\n<\/strong> Auf\u00a0place-of-defence.de werden Sie \u00fcber Hyperlinks auf Internetseiten anderer Anbieter geleitet. Dies geschieht in der Regel in einem neuen Browserfenster, so dass Sie den Urheber in der Adresszeile des Browsers erkennen k\u00f6nnen.\u00a0place-of-defence.de erkl\u00e4rt ausdr\u00fccklich, dass zum Zeitpunkt der Linksetzung keine illegalen Inhalte auf den zu verlinkenden Seiten erkennbar waren. Auf die aktuelle und zuk\u00fcnftige Gestaltung, die Inhalte oder die Urheberschaft der verkn\u00fcpften Seiten hat\u00a0place-of-defence.de keinerlei Einfluss. Verantwortlich f\u00fcr den Inhalt der verlinkten Seiten ist deren jeweiliger Anbieter oder Betreiber. Eine st\u00e4ndige Kontrolle der externen Links, ohne konkrete Anhaltspunkte daf\u00fcr, dass die externen Links illegale Inhalte oder Rechtsverst\u00f6\u00dfe aufweisen, ist nicht zumutbar. Werden\u00a0place-of-defence.de Rechstsverst\u00f6\u00dfe bekannt, werden derartige externe Links unverz\u00fcglich entfernt.<\/div>\n<p>&nbsp;<\/p>\n<div><strong>Verschiedenes:<br \/>\n<\/strong>\u00a0place-of-defence.de \u00fcbernimmt keinerlei Gew\u00e4hr f\u00fcr die Aktualit\u00e4t, Korrektheit, Vollst\u00e4ndigkeit oder Qualit\u00e4t der bereitgestellten Informationen. Alle Angebote sind freibleibend und unverbindlich.\u00a0place-of-defence.de beh\u00e4lt es sich ausdr\u00fccklich vor, Teile der Seiten oder das gesamte Angebot ohne gesonderte Ank\u00fcndigung zu ver\u00e4ndern, zu erg\u00e4nzen, zu l\u00f6schen oder die Ver\u00f6ffentlichung zeitweise oder endg\u00fcltig einzustellen. Alle innerhalb des Internetangebots genannten und ggf. durch Dritte gesch\u00fctzten Marken, Kennzeichen und Warenzeichen unterliegen uneingeschr\u00e4nkt den Bestimmungen des jeweils g\u00fcltigen Kennzeichenrechts und den Besitz- und Eigentumsrechten der jeweiligen eingetragenen Eigent\u00fcmer. S\u00e4mtliche Informationen oder Daten, ihre Nutzung und die Anmeldung bei der Webseite\u00a0place-of-defence.de sowie s\u00e4mtliches mit der Internetseite place-of-defence.de zusammenh\u00e4ngendes Tun, Dulden oder Unterlassen unterliegen ausschlie\u00dflich deutschem Recht. Erf\u00fcllungsort und Gerichtsstand ist .<\/div>\n<div><\/div>\n","protected":false},"excerpt":{"rendered":"<p>Place of Defence Bahnhofstra\u00dfe 16 76676 Graben &#8211; Neudorf Telefon: 01523\/7869945 E-Mail : saschakimling@web.de &nbsp; Gesch\u00e4ftsleiter Sascha Kimling Bahnhofstra\u00dfe 16 [&hellip;]<\/p>\n","protected":false},"author":1,"featured_media":0,"parent":0,"menu_order":0,"comment_status":"closed","ping_status":"closed","template":"","meta":{"footnotes":""},"class_list":["post-259","page","type-page","status-publish","hentry"],"_links":{"self":[{"href":"https:\/\/place-of-defence.de\/index.php?rest_route=\/wp\/v2\/pages\/259","targetHints":{"allow":["GET"]}}],"collection":[{"href":"https:\/\/place-of-defence.de\/index.php?rest_route=\/wp\/v2\/pages"}],"about":[{"href":"https:\/\/place-of-defence.de\/index.php?rest_route=\/wp\/v2\/types\/page"}],"author":[{"embeddable":true,"href":"https:\/\/place-of-defence.de\/index.php?rest_route=\/wp\/v2\/users\/1"}],"replies":[{"embeddable":true,"href":"https:\/\/place-of-defence.de\/index.php?rest_route=%2Fwp%2Fv2%2Fcomments&post=259"}],"version-history":[{"count":9,"href":"https:\/\/place-of-defence.de\/index.php?rest_route=\/wp\/v2\/pages\/259\/revisions"}],"predecessor-version":[{"id":754,"href":"https:\/\/place-of-defence.de\/index.php?rest_route=\/wp\/v2\/pages\/259\/revisions\/754"}],"wp:attachment":[{"href":"https:\/\/place-of-defence.de\/index.php?rest_route=%2Fwp%2Fv2%2Fmedia&parent=259"}],"curies":[{"name":"wp","href":"https:\/\/api.w.org\/{rel}","templated":true}]}}