{"id":23,"date":"2015-12-17T21:16:45","date_gmt":"2015-12-17T20:16:45","guid":{"rendered":"http:\/\/place-of-defence.de\/?page_id=23"},"modified":"2019-11-10T12:55:19","modified_gmt":"2019-11-10T11:55:19","slug":"sei-dein-eigener-bodyguard","status":"publish","type":"page","link":"https:\/\/place-of-defence.de\/?page_id=23","title":{"rendered":"Home"},"content":{"rendered":"<p style=\"text-align: left;\"><em><strong><span class=\"txt-titel24-rot\">Willkommen<\/span><\/strong><\/em><br \/>\n<span class=\"txt-big\"><br \/>\nBei Place of Defence lernen Sie sich zu verteidigen, damit Sie gef\u00e4hrliche Situationen vermeiden oder l\u00f6sen k\u00f6nnen.<br \/>\nGrundprinzip sind einfach zu erlernende Techniken, die unter Stress oder Ablenkung anwendbar sind.<br \/>\nDie Inhalte des Trainings bestehen aus Selbstverteidigungstechniken, Stresstraining und realit\u00e4tsnahen Szenarien.<br \/>\nIn den Szenarien wird der Ablauf einer Straftat nachgestellt. Dadurch lernen Sie, mit solchen Situationen umzugehen.<\/span><\/p>\n<p style=\"text-align: center;\">Sie erfahren:<br \/>\n&#8211; Wann Sie sich verteidigen d\u00fcrfen.<br \/>\n&#8211; Welche Ma\u00dfnahmen zu ergreifen sind.<\/p>\n<p style=\"text-align: center;\">Somit k\u00f6nnen Sie sich selbst, ihren Partner und ihre Familie besch\u00fctzen!!<\/p>\n","protected":false},"excerpt":{"rendered":"<p>Willkommen Bei Place of Defence lernen Sie sich zu verteidigen, damit Sie gef\u00e4hrliche Situationen vermeiden oder l\u00f6sen k\u00f6nnen. Grundprinzip sind [&hellip;]<\/p>\n","protected":false},"author":1,"featured_media":0,"parent":0,"menu_order":0,"comment_status":"closed","ping_status":"closed","template":"","meta":{"footnotes":""},"class_list":["post-23","page","type-page","status-publish","hentry"],"_links":{"self":[{"href":"https:\/\/place-of-defence.de\/index.php?rest_route=\/wp\/v2\/pages\/23","targetHints":{"allow":["GET"]}}],"collection":[{"href":"https:\/\/place-of-defence.de\/index.php?rest_route=\/wp\/v2\/pages"}],"about":[{"href":"https:\/\/place-of-defence.de\/index.php?rest_route=\/wp\/v2\/types\/page"}],"author":[{"embeddable":true,"href":"https:\/\/place-of-defence.de\/index.php?rest_route=\/wp\/v2\/users\/1"}],"replies":[{"embeddable":true,"href":"https:\/\/place-of-defence.de\/index.php?rest_route=%2Fwp%2Fv2%2Fcomments&post=23"}],"version-history":[{"count":4,"href":"https:\/\/place-of-defence.de\/index.php?rest_route=\/wp\/v2\/pages\/23\/revisions"}],"predecessor-version":[{"id":350,"href":"https:\/\/place-of-defence.de\/index.php?rest_route=\/wp\/v2\/pages\/23\/revisions\/350"}],"wp:attachment":[{"href":"https:\/\/place-of-defence.de\/index.php?rest_route=%2Fwp%2Fv2%2Fmedia&parent=23"}],"curies":[{"name":"wp","href":"https:\/\/api.w.org\/{rel}","templated":true}]}}